{"id":588,"date":"2020-01-19T17:41:27","date_gmt":"2020-01-19T17:41:27","guid":{"rendered":"http:\/\/piaceredeitraversi.com\/media\/"},"modified":"2023-11-09T15:01:52","modified_gmt":"2023-11-09T15:01:52","slug":"videos","status":"publish","type":"page","link":"https:\/\/piaceredeitraversi.com\/en\/videos\/","title":{"rendered":"Videos"},"content":{"rendered":"<p>[et_pb_section fb_built=&#8221;1&#8243; _builder_version=&#8221;4.6.6&#8243; background_color=&#8221;rgba(149,80,77,0.26)&#8221; background_color_gradient_direction=&#8221;158deg&#8221; background_image=&#8221;http:\/\/piaceredeitraversi.com\/wp-content\/uploads\/2023\/02\/PiacaredeiTraversi_ClaraMunoz-3608-scaled.jpg&#8221; parallax=&#8221;on&#8221; parallax_method=&#8221;off&#8221; height=&#8221;795px&#8221; custom_margin=&#8221;-46px||0px||false|false&#8221; custom_padding=&#8221;||76px||false|false&#8221;][et_pb_row _builder_version=&#8221;4.1&#8243; min_height=&#8221;435px&#8221; custom_margin_tablet=&#8221;&#8221; custom_margin_phone=&#8221;||-236px||false|false&#8221; custom_margin_last_edited=&#8221;on|phone&#8221;][et_pb_column type=&#8221;4_4&#8243; _builder_version=&#8221;4.1&#8243;][et_pb_image src=&#8221;http:\/\/piaceredeitraversi.com\/wp-content\/uploads\/2020\/01\/logo-blanco-web.png&#8221; align=&#8221;center&#8221; _builder_version=&#8221;4.1&#8243; width=&#8221;45%&#8221; width_tablet=&#8221;&#8221; width_phone=&#8221;85%&#8221; width_last_edited=&#8221;on|phone&#8221; filter_opacity=&#8221;71%&#8221;][\/et_pb_image][et_pb_text _builder_version=&#8221;4.1&#8243; header_font=&#8221;DM Serif Text|700|||||||&#8221; header_text_align=&#8221;center&#8221; header_text_color=&#8221;rgba(255,255,255,0.76)&#8221; header_font_size=&#8221;44px&#8221; custom_margin=&#8221;38px||-13px||false|false&#8221; custom_padding=&#8221;|||1px|false|false&#8221; header_font_size_tablet=&#8221;&#8221; header_font_size_phone=&#8221;38px&#8221; header_font_size_last_edited=&#8221;on|phone&#8221;]<\/p>\n<h1>Videos<\/h1>\n<p>[\/et_pb_text][\/et_pb_column][\/et_pb_row][et_pb_row _builder_version=&#8221;4.1&#8243; min_height=&#8221;151px&#8221;][et_pb_column type=&#8221;4_4&#8243; _builder_version=&#8221;4.1&#8243;][et_pb_image src=&#8221;http:\/\/piaceredeitraversi.com\/wp-content\/uploads\/2020\/01\/Ilustracio\u0301n-sin-ti\u0301tulo-1.gif&#8221; url=&#8221;#media&#8221; align=&#8221;center&#8221; disabled_on=&#8221;on|on|off&#8221; _builder_version=&#8221;4.1&#8243; width=&#8221;5%&#8221; custom_margin=&#8221;-20px||||false|false&#8221; custom_padding=&#8221;0px||0px||false|false&#8221; filter_brightness=&#8221;101%&#8221; filter_opacity=&#8221;74%&#8221;][\/et_pb_image][\/et_pb_column][\/et_pb_row][\/et_pb_section][et_pb_section fb_built=&#8221;1&#8243; module_id=&#8221;media&#8221; _builder_version=&#8221;4.1&#8243; background_color=&#8221;#eaeaea&#8221;][et_pb_row _builder_version=&#8221;4.1&#8243;][et_pb_column type=&#8221;4_4&#8243; _builder_version=&#8221;4.1&#8243;][et_pb_video_slider play_icon_color=&#8221;#ffffff&#8221; thumbnail_overlay_color=&#8221;rgba(151,47,38,0.54)&#8221; _builder_version=&#8221;4.6.6&#8243; width=&#8221;75%&#8221; width_tablet=&#8221;&#8221; width_phone=&#8221;&#8221; width_last_edited=&#8221;on|desktop&#8221; module_alignment=&#8221;center&#8221; hover_enabled=&#8221;0&#8243; sticky_enabled=&#8221;0&#8243;][et_pb_video_slider_item admin_title=&#8221;A TIERRAS AGENAS, Francisco de Pe\u00f1alosa (1470 &#8211; 1528)&#8221; src=&#8221;https:\/\/youtu.be\/eDydI98fpno?si=d6H1MDVC2RwIBy5I&#8221; _builder_version=&#8221;4.6.6&#8243; hover_enabled=&#8221;0&#8243; show_image_overlay=&#8221;off&#8221; sticky_enabled=&#8221;0&#8243;][\/et_pb_video_slider_item][et_pb_video_slider_item admin_title=&#8221;Qu\u00e9 me quer\u00e9is, caballero. An\u00f3nimo, Cancionero de Palacio. S. XV.&#8221; src=&#8221;https:\/\/www.youtube.com\/watch?v=VFroh05xSTY&#8221; _builder_version=&#8221;4.6.6&#8243; show_image_overlay=&#8221;off&#8221;][\/et_pb_video_slider_item][et_pb_video_slider_item admin_title=&#8221;Te Deum (fragmento\/excerpt: Te ergo). Can\u00e7oner de Gandia\/Gandia&#8217;s Songbook, s. XVI\/16th century&#8221; src=&#8221;https:\/\/www.youtube.com\/watch?v=YEjaZudvY4s&#8221; _builder_version=&#8221;4.6.6&#8243; show_image_overlay=&#8221;off&#8221;][\/et_pb_video_slider_item][et_pb_video_slider_item admin_title=&#8221;Soleta y verge estich. Bartomeu C\u00e0rceres (fl.1546)&#8221; src=&#8221;https:\/\/youtu.be\/atra-w-bItc&#8221; _builder_version=&#8221;4.1&#8243; show_image_overlay=&#8221;off&#8221;][\/et_pb_video_slider_item][et_pb_video_slider_item admin_title=&#8221;Jesu corona virginum. An\u00f3nimo, Cancionero de Montecassino (s. XV)&#8221; src=&#8221;https:\/\/youtu.be\/hPx8eww3nOg&#8221; _builder_version=&#8221;4.1&#8243; show_image_overlay=&#8221;off&#8221;][\/et_pb_video_slider_item][et_pb_video_slider_item admin_title=&#8221;Al del Hato. An\u00f3nimo, Cancionero musical de Segovia (s. XVI)&#8221; src=&#8221;https:\/\/youtu.be\/ajxTPPiRNv0&#8243; _builder_version=&#8221;4.1&#8243; show_image_overlay=&#8221;off&#8221;][\/et_pb_video_slider_item][et_pb_video_slider_item admin_title=&#8221;Esta la Reyna del cielo. An\u00f3nimo, Cancionero Musical de Palacio, s. XV&#8221; src=&#8221;https:\/\/youtu.be\/nmFRi9XysBE&#8221; _builder_version=&#8221;4.1&#8243; show_image_overlay=&#8221;off&#8221;][\/et_pb_video_slider_item][et_pb_video_slider_item admin_title=&#8221;Dindirind\u00edn. An\u00f3nimo, Cancionero de Montecassino (s. XV). Texto: Vita Christi, Isabel de Villena.&#8221; src=&#8221;https:\/\/youtu.be\/NhAgfue84cI&#8221; _builder_version=&#8221;4.1&#8243; show_image_overlay=&#8221;off&#8221;][\/et_pb_video_slider_item][\/et_pb_video_slider][\/et_pb_column][\/et_pb_row][\/et_pb_section][et_pb_section fb_built=&#8221;1&#8243; _builder_version=&#8221;4.1&#8243; background_color=&#8221;rgba(128,31,28,0.54)&#8221; background_image=&#8221;http:\/\/piaceredeitraversi.com\/wp-content\/uploads\/2020\/01\/fondo-seccion.png&#8221; custom_padding=&#8221;11px|||||&#8221; global_module=&#8221;739&#8243; saved_tabs=&#8221;all&#8221;][et_pb_row column_structure=&#8221;1_2,1_2&#8243; _builder_version=&#8221;4.1&#8243;][et_pb_column type=&#8221;1_2&#8243; _builder_version=&#8221;4.1&#8243;][et_pb_text _builder_version=&#8221;4.1&#8243; header_font=&#8221;DM Serif Text||||||||&#8221; header_text_color=&#8221;#ffffff&#8221; custom_margin=&#8221;||30px|||&#8221;]<\/p>\n<h1>Contact<\/h1>\n<p>[\/et_pb_text][et_pb_divider color=&#8221;#ffffff&#8221; divider_weight=&#8221;2px&#8221; _builder_version=&#8221;4.1&#8243; width=&#8221;33%&#8221; custom_margin=&#8221;-34px||||false|false&#8221;][\/et_pb_divider][et_pb_contact_form captcha=&#8221;off&#8221; email=&#8221;info@piaceredeitraversi.com, piaceredeitraversi@gmail.com&#8221; custom_message=&#8221;Nombre: %%name%%||et_pb_line_break_holder||Email: %%email%%||et_pb_line_break_holder||Mensaje: %%message%%&#8221; success_message=&#8221;Thank you for contacting us!&#8221; submit_button_text=&#8221;Send&#8221; _builder_version=&#8221;4.1&#8243; form_field_background_color=&#8221;rgba(234,234,234,0.39)&#8221; form_field_text_color=&#8221;#95504d&#8221; form_field_focus_background_color=&#8221;#ffffff&#8221; form_field_focus_text_color=&#8221;#000000&#8243; form_field_font=&#8221;Nunito Sans||||||||&#8221; form_field_font_size=&#8221;15px&#8221; custom_button=&#8221;on&#8221; button_text_size=&#8221;13px&#8221; button_text_color=&#8221;rgba(255,255,255,0.49)&#8221;][et_pb_contact_field field_id=&#8221;name&#8221; field_title=&#8221;Name&#8221; _builder_version=&#8221;4.1&#8243; button_text_size__hover_enabled=&#8221;off&#8221; button_one_text_size__hover_enabled=&#8221;off&#8221; button_two_text_size__hover_enabled=&#8221;off&#8221; button_text_color__hover_enabled=&#8221;off&#8221; button_one_text_color__hover_enabled=&#8221;off&#8221; button_two_text_color__hover_enabled=&#8221;off&#8221; button_border_width__hover_enabled=&#8221;off&#8221; button_one_border_width__hover_enabled=&#8221;off&#8221; button_two_border_width__hover_enabled=&#8221;off&#8221; button_border_color__hover_enabled=&#8221;off&#8221; button_one_border_color__hover_enabled=&#8221;off&#8221; button_two_border_color__hover_enabled=&#8221;off&#8221; button_border_radius__hover_enabled=&#8221;off&#8221; button_one_border_radius__hover_enabled=&#8221;off&#8221; button_two_border_radius__hover_enabled=&#8221;off&#8221; button_letter_spacing__hover_enabled=&#8221;off&#8221; button_one_letter_spacing__hover_enabled=&#8221;off&#8221; button_two_letter_spacing__hover_enabled=&#8221;off&#8221; button_bg_color__hover_enabled=&#8221;off&#8221; button_one_bg_color__hover_enabled=&#8221;off&#8221; button_two_bg_color__hover_enabled=&#8221;off&#8221;][\/et_pb_contact_field][et_pb_contact_field field_id=&#8221;email&#8221; field_title=&#8221;Email&#8221; field_type=&#8221;email&#8221; _builder_version=&#8221;4.1&#8243; button_text_size__hover_enabled=&#8221;off&#8221; button_one_text_size__hover_enabled=&#8221;off&#8221; button_two_text_size__hover_enabled=&#8221;off&#8221; button_text_color__hover_enabled=&#8221;off&#8221; button_one_text_color__hover_enabled=&#8221;off&#8221; button_two_text_color__hover_enabled=&#8221;off&#8221; button_border_width__hover_enabled=&#8221;off&#8221; button_one_border_width__hover_enabled=&#8221;off&#8221; button_two_border_width__hover_enabled=&#8221;off&#8221; button_border_color__hover_enabled=&#8221;off&#8221; button_one_border_color__hover_enabled=&#8221;off&#8221; button_two_border_color__hover_enabled=&#8221;off&#8221; button_border_radius__hover_enabled=&#8221;off&#8221; button_one_border_radius__hover_enabled=&#8221;off&#8221; button_two_border_radius__hover_enabled=&#8221;off&#8221; button_letter_spacing__hover_enabled=&#8221;off&#8221; button_one_letter_spacing__hover_enabled=&#8221;off&#8221; button_two_letter_spacing__hover_enabled=&#8221;off&#8221; button_bg_color__hover_enabled=&#8221;off&#8221; button_one_bg_color__hover_enabled=&#8221;off&#8221; button_two_bg_color__hover_enabled=&#8221;off&#8221;][\/et_pb_contact_field][et_pb_contact_field field_id=&#8221;message&#8221; field_title=&#8221;Message&#8221; field_type=&#8221;text&#8221; fullwidth_field=&#8221;on&#8221; _builder_version=&#8221;4.1&#8243; button_text_size__hover_enabled=&#8221;off&#8221; button_one_text_size__hover_enabled=&#8221;off&#8221; button_two_text_size__hover_enabled=&#8221;off&#8221; button_text_color__hover_enabled=&#8221;off&#8221; button_one_text_color__hover_enabled=&#8221;off&#8221; button_two_text_color__hover_enabled=&#8221;off&#8221; button_border_width__hover_enabled=&#8221;off&#8221; button_one_border_width__hover_enabled=&#8221;off&#8221; button_two_border_width__hover_enabled=&#8221;off&#8221; button_border_color__hover_enabled=&#8221;off&#8221; button_one_border_color__hover_enabled=&#8221;off&#8221; button_two_border_color__hover_enabled=&#8221;off&#8221; button_border_radius__hover_enabled=&#8221;off&#8221; button_one_border_radius__hover_enabled=&#8221;off&#8221; button_two_border_radius__hover_enabled=&#8221;off&#8221; button_letter_spacing__hover_enabled=&#8221;off&#8221; button_one_letter_spacing__hover_enabled=&#8221;off&#8221; button_two_letter_spacing__hover_enabled=&#8221;off&#8221; button_bg_color__hover_enabled=&#8221;off&#8221; button_one_bg_color__hover_enabled=&#8221;off&#8221; button_two_bg_color__hover_enabled=&#8221;off&#8221;][\/et_pb_contact_field][\/et_pb_contact_form][\/et_pb_column][et_pb_column type=&#8221;1_2&#8243; _builder_version=&#8221;4.1&#8243;][et_pb_image src=&#8221;http:\/\/piaceredeitraversi.com\/wp-content\/uploads\/2020\/01\/logo-blanco-web.png&#8221; align=&#8221;center&#8221; _builder_version=&#8221;4.1&#8243; width=&#8221;80%&#8221; width_tablet=&#8221;&#8221; width_phone=&#8221;57%&#8221; width_last_edited=&#8221;on|phone&#8221; custom_margin=&#8221;34px||||false|false&#8221; custom_margin_tablet=&#8221;&#8221; custom_margin_phone=&#8221;18px||32px|86px|false|false&#8221; custom_margin_last_edited=&#8221;on|phone&#8221;][\/et_pb_image][et_pb_text _builder_version=&#8221;4.1&#8243; text_font=&#8221;Nunito Sans||||||||&#8221; text_text_color=&#8221;#ffffff&#8221; custom_margin=&#8221;-31px||||false|false&#8221; custom_padding=&#8221;21px||6px||false|false&#8221;]<\/p>\n<p style=\"text-align: center;\">piaceredeitraversi@gmail.com<\/p>\n<p>[\/et_pb_text][et_pb_social_media_follow _builder_version=&#8221;4.1&#8243; text_orientation=&#8221;center&#8221; custom_margin=&#8221;-29px|||||&#8221;][et_pb_social_media_follow_network social_network=&#8221;facebook&#8221; url=&#8221;https:\/\/www.facebook.com\/piaceredeitraversi\/&#8221; _builder_version=&#8221;4.1&#8243; background_color=&#8221;#95504d&#8221; background_enable_color=&#8221;on&#8221; border_radii=&#8221;on|16px|16px|16px|16px&#8221; follow_button=&#8221;off&#8221; url_new_window=&#8221;on&#8221;]facebook[\/et_pb_social_media_follow_network][et_pb_social_media_follow_network social_network=&#8221;youtube&#8221; url=&#8221;https:\/\/www.youtube.com\/channel\/UCSdTv2IvLc-R8MyvexZRlmQ&#8221; icon_color=&#8221;#ffffff&#8221; use_icon_font_size=&#8221;on&#8221; _builder_version=&#8221;4.1&#8243; background_color=&#8221;#95504d&#8221; background_enable_color=&#8221;on&#8221; custom_button=&#8221;on&#8221; button_text_size=&#8221;1px&#8221; border_radii=&#8221;on|16px|16px|16px|16px&#8221; follow_button=&#8221;off&#8221; url_new_window=&#8221;on&#8221;]youtube[\/et_pb_social_media_follow_network][\/et_pb_social_media_follow][\/et_pb_column][\/et_pb_row][\/et_pb_section]<\/p>\n","protected":false},"excerpt":{"rendered":"<p>[et_pb_section fb_built=&#8221;1&#8243; _builder_version=&#8221;4.6.6&#8243; background_color=&#8221;rgba(149,80,77,0.26)&#8221; background_color_gradient_direction=&#8221;158deg&#8221; background_image=&#8221;http:\/\/piaceredeitraversi.com\/wp-content\/uploads\/2023\/02\/PiacaredeiTraversi_ClaraMunoz-3608-scaled.jpg&#8221; parallax=&#8221;on&#8221; parallax_method=&#8221;off&#8221; height=&#8221;795px&#8221; custom_margin=&#8221;-46px||0px||false|false&#8221; custom_padding=&#8221;||76px||false|false&#8221;][et_pb_row _builder_version=&#8221;4.1&#8243; min_height=&#8221;435px&#8221; custom_margin_tablet=&#8221;&#8221; custom_margin_phone=&#8221;||-236px||false|false&#8221; custom_margin_last_edited=&#8221;on|phone&#8221;][et_pb_column type=&#8221;4_4&#8243; _builder_version=&#8221;4.1&#8243;][et_pb_image src=&#8221;http:\/\/piaceredeitraversi.com\/wp-content\/uploads\/2020\/01\/logo-blanco-web.png&#8221; align=&#8221;center&#8221; _builder_version=&#8221;4.1&#8243; width=&#8221;45%&#8221; width_tablet=&#8221;&#8221; width_phone=&#8221;85%&#8221; width_last_edited=&#8221;on|phone&#8221; filter_opacity=&#8221;71%&#8221;][\/et_pb_image][et_pb_text _builder_version=&#8221;4.1&#8243; header_font=&#8221;DM Serif Text|700|||||||&#8221; header_text_align=&#8221;center&#8221; header_text_color=&#8221;rgba(255,255,255,0.76)&#8221; header_font_size=&#8221;44px&#8221; custom_margin=&#8221;38px||-13px||false|false&#8221; custom_padding=&#8221;|||1px|false|false&#8221; header_font_size_tablet=&#8221;&#8221; header_font_size_phone=&#8221;38px&#8221; header_font_size_last_edited=&#8221;on|phone&#8221;] Videos [\/et_pb_text][\/et_pb_column][\/et_pb_row][et_pb_row _builder_version=&#8221;4.1&#8243; min_height=&#8221;151px&#8221;][et_pb_column type=&#8221;4_4&#8243; _builder_version=&#8221;4.1&#8243;][et_pb_image src=&#8221;http:\/\/piaceredeitraversi.com\/wp-content\/uploads\/2020\/01\/Ilustracio\u0301n-sin-ti\u0301tulo-1.gif&#8221; url=&#8221;#media&#8221; align=&#8221;center&#8221; disabled_on=&#8221;on|on|off&#8221; _builder_version=&#8221;4.1&#8243; width=&#8221;5%&#8221; custom_margin=&#8221;-20px||||false|false&#8221; custom_padding=&#8221;0px||0px||false|false&#8221; filter_brightness=&#8221;101%&#8221; filter_opacity=&#8221;74%&#8221;][\/et_pb_image][\/et_pb_column][\/et_pb_row][\/et_pb_section][et_pb_section fb_built=&#8221;1&#8243; [&hellip;]<\/p>\n","protected":false},"author":1,"featured_media":0,"parent":0,"menu_order":0,"comment_status":"closed","ping_status":"closed","template":"","meta":{"_et_pb_use_builder":"on","_et_pb_old_content":"","_et_gb_content_width":"","_monsterinsights_skip_tracking":false,"_monsterinsights_sitenote_active":false,"_monsterinsights_sitenote_note":"","_monsterinsights_sitenote_category":0,"footnotes":""},"class_list":["post-588","page","type-page","status-publish","hentry"],"_links":{"self":[{"href":"https:\/\/piaceredeitraversi.com\/en\/wp-json\/wp\/v2\/pages\/588","targetHints":{"allow":["GET"]}}],"collection":[{"href":"https:\/\/piaceredeitraversi.com\/en\/wp-json\/wp\/v2\/pages"}],"about":[{"href":"https:\/\/piaceredeitraversi.com\/en\/wp-json\/wp\/v2\/types\/page"}],"author":[{"embeddable":true,"href":"https:\/\/piaceredeitraversi.com\/en\/wp-json\/wp\/v2\/users\/1"}],"replies":[{"embeddable":true,"href":"https:\/\/piaceredeitraversi.com\/en\/wp-json\/wp\/v2\/comments?post=588"}],"version-history":[{"count":8,"href":"https:\/\/piaceredeitraversi.com\/en\/wp-json\/wp\/v2\/pages\/588\/revisions"}],"predecessor-version":[{"id":1206,"href":"https:\/\/piaceredeitraversi.com\/en\/wp-json\/wp\/v2\/pages\/588\/revisions\/1206"}],"wp:attachment":[{"href":"https:\/\/piaceredeitraversi.com\/en\/wp-json\/wp\/v2\/media?parent=588"}],"curies":[{"name":"wp","href":"https:\/\/api.w.org\/{rel}","templated":true}]}}